{"id":22,"date":"2022-01-04T13:01:10","date_gmt":"2022-01-04T12:01:10","guid":{"rendered":"http:\/\/www.cisaservizi.it\/mesmerize\/"},"modified":"2024-10-08T10:58:05","modified_gmt":"2024-10-08T08:58:05","slug":"mesmerize","status":"publish","type":"page","link":"https:\/\/www.cisaservizi.it\/","title":{"rendered":"Front Page"},"content":{"rendered":"<div  data-label=\"Overlappable\" data-id=\"overlappable--1\" data-export-id=\"overlappable-4\" data-category=\"overlappable\" class=\"overlappable-4 content-section content-section-spacing\" data-overlap=\"true\" id=\"overlappable-1\" style=\"background-color: rgb(255, 255, 255);\"><div  class=\"gridContainer\"> <div  data-type=\"row\" class=\"row spaced-cols text-center\"><div  class=\"col-xs-12 col-sm-4 col-padding\"> <i  class=\"fa icon shadow-large-black aligncenter color1 fa-automobile reverse round large\"><\/i> <div  data-type=\"column\" class=\"\"> <h5  class=\"\">R.C. AUTO<\/h5> <p  class=\"\">La polizza RCA (abbreviazione di Responsabilit\u00e0 Civile Autoveicoli) \u00e8 il contratto concluso tra l\u2019assicurato e la compagnia assicurativa che liquida i danni materiali o fisici causati dal veicolo assicurato a terzi in caso di sinistro. L\u2019accordo prevede il pagamento di un premio da parte dell\u2019assicurato, calcolato su base annuale.<\/p><\/div> <\/div> <div  class=\"col-xs-12 col-sm-4 col-padding\"> <i  class=\"fa icon shadow-large-black aligncenter color1 fa-truck reverse round large\"><\/i> <div  data-type=\"column\" class=\"\"><h5  class=\"\">AUTOCARRI<\/h5> <p  class=\"\">Soluzioni assicurative su misura per proteggere al meglio mezzi come furgoni, camper, autocarri a uso professionale.<br >Una garanzia RC personalizzata pensata per il tuo veicolo e le tue vere esigenze, persona fisica o giuridica che tu sia. E in pi\u00f9 puoi completare la tua protezione con importanti garanzie aggiuntive.<\/p><\/div> <\/div> <div  class=\"col-xs-12 col-sm-4 col-padding\"> <i  class=\"fa icon shadow-large-black aligncenter color1 fa-user-md reverse round large\"><\/i> <div  data-type=\"column\" class=\"\"><h5  class=\"\">PROFESSIONALI<\/h5> <p  class=\"\">La polizza Responsabilit\u00e0 Civile Generale tutela il tuo patrimonio dal rischio di dover pagare, a titolo di risarcimento, i danni procurati a terzi a causa di una condotta colpevole. La polizza pu\u00f2 interessare chiunque sia esposto al rischio di causare danni a terzi.<\/p><\/div> <\/div><div  class=\"col-xs-12 col-sm-4 col-padding\"> <i  class=\"fa icon shadow-large-black aligncenter color1 fa-handshake-o reverse round large\"><\/i> <div  data-type=\"column\" class=\"\"> <h5  class=\"\">FIDEJUSSIONI<\/h5> <p  class=\"\">La fideiussione assicurativa, detta anche polizza fideiussoria assicurativa, \u00e8 un contratto con il quale una compagnia di assicurazioni si fa carico dell\u2019impegno preso dal contraente, garantendo l\u2019adempimento degli accordi pattuiti nei confronti del beneficiario.<\/p><\/div> <\/div><div  class=\"col-xs-12 col-sm-4 col-padding\"> <i  class=\"fa icon shadow-large-black aligncenter color1 fa-fire-extinguisher reverse round large\"><\/i> <div  data-type=\"column\" class=\"\"> <h5  class=\"\">RAMI DANNI<\/h5> <p  class=\"\">Le assicurazioni contro i danni comprendono tutti quei contratti di assicurazione che sono volti a garantire l\u2019assicurato contro i rischi cui sono esposti singoli beni del suo patrimonio (ad esempio, la casa o l\u2019automobile), il patrimonio nel suo complesso o la sua stessa persona.<\/p><\/div> <\/div><\/div> <\/div><\/div><div  id=\"features-10\" style=\"background-color: #ffffff;\" data-label=\"Features\" data-id=\"features-16-card-bordered\" data-export-id=\"features-16-card-bordered\" data-category=\"features\" class=\"features-16-card-bordered content-section content-section-spacing\"><div  class=\"gridContainer\"> <div  class=\"row text-center\"><div  class=\"section-title-col\" data-type=\"column\"> <h2  class=\"\">ASSICURAZIONI PROFESSIONALI<\/h2> <p  class=\"lead\">A te che vuoi tutelare la tua impresa (fino ai 50 addetti), i tuoi dipendenti ed i beni della tua azienda attraverso una protezione multirischio che riduca al minimo l\u2019impatto dei rischi nei quali pu\u00f2 incorrere la propria attivit\u00e0, operante nei settori dell\u2019artigianato, industria e dei servizi.&nbsp; Eventi atmosferici, incendi, R.C. verso terzi e dipendenti non sono pi\u00f9 un problema!<\/p><\/div> <\/div> <div  class=\"row spaced-cols\" data-type=\"row\"> <div  class=\"col-xs-12 col-sm-6 col-md-4\"> <div  class=\"card no-padding bordered y-move\"> <img  decoding=\"async\" class=\"face\" src=\"http:\/\/www.cisaservizi.it\/wp-content\/uploads\/2022\/01\/cropped-eventi-atmosferici.jpg\" title=\"cropped-eventi-atmosferici.jpg\" alt=\"\"> <div  data-type=\"column\" class=\"col-padding-small col-padding-small-xs description-container\"> <h4  class=\"font-500\">eventi atmosferici<\/h4> <p  class=\"\">Una grandinata o una bufera ti danneggia il capannone o fabbricato, creando danni anche indiretti perch\u00e8 non sei in grado di continuare la produzione<\/p><\/div> <div  data-type=\"column\" class=\"col-padding-small col-padding-small-xs read-more-container\"><\/div> <\/div><\/div> <div  class=\"col-xs-12 col-sm-6 col-md-4\"><div  class=\"card no-padding bordered y-move\"> <img  decoding=\"async\" class=\"face\" src=\"http:\/\/www.cisaservizi.it\/wp-content\/uploads\/2022\/01\/fireprotection.jpg\" title=\"fireprotection\" alt=\"\"> <div  data-type=\"column\" class=\"col-padding-small col-padding-small-xs description-container\"> <h4  class=\"font-500\">incendio fabbricato e contenuto<\/h4> <p  class=\"\">Scoppia un incendio e brucia il locale dove svolgi la tua attivit\u00e0: brucia il locale ed il contenuto.<\/p><\/div> <div  data-type=\"column\" class=\"col-padding-small col-padding-small-xs read-more-container\"><\/div> <\/div><\/div> <div  class=\"col-xs-12 col-sm-6 col-md-4\"><div  class=\"card no-padding bordered y-move\"> <img  decoding=\"async\" class=\"face\" src=\"http:\/\/www.cisaservizi.it\/wp-content\/plugins\/mesmerize-companion\/theme-data\/mesmerize\/sections\/images\/laptop-2559795.jpg\"> <div  data-type=\"column\" class=\"col-padding-small col-padding-small-xs description-container\"> <h4  class=\"font-500\">R.C. verso terzi e dipendenti<\/h4> <p  class=\"\">Un fornitore in visita cade e si fa male, o un tuo dipendente subisce un infortunio sul lavoro.<\/p><\/div> <div  data-type=\"column\" class=\"col-padding-small col-padding-small-xs read-more-container\"><\/div> <\/div><\/div> <\/div><\/div> <\/div><div  id=\"content-13\" style=\"background-color: #f5fafd;\" data-label=\"Content\" data-id=\"content-2\" data-export-id=\"content-2\" data-category=\"content\" class=\"content-2 content-section content-section-spacing\"><div > <div  class=\"row middle-xs\"><div  class=\"col-sm-5 bg-image shadow-large-black\" data-bg=\"image\" style=\"background-image: url(&quot;http:\/\/www.cisaservizi.it\/wp-content\/uploads\/2022\/01\/assicurazione-lavoro.jpg&quot;);\"><\/div> <div  class=\"col-sm-7 full-col-left-padding full-col-right-padding\"> <div  class=\"row\"> <div  data-type=\"column\" class=\"space-bottom-small content-title-col\"> <h5  class=\"\">La soluzione pi\u00f9 efficace<\/h5> <h2  class=\"\">La polizza vita multiramo che combina le tue esigenze di stabilit\u00e0 e rendimento<\/h2> <p  class=\"\">Un contratto di assicurazione sulla vita di durata indeterminata che ti offre un\u2019opportunit\u00e0 di investimento dinamico e adattabile in base alle tue esigenze<\/p><\/div> <\/div> <div  class=\"row spaced-cols \" data-type=\"row\"> <div  class=\"col-xs-6\" data-type=\"column\"> <h5  class=\"\">elastico<\/h5> <p  class=\"\">Puoi disporre del tuo capitale quando ne hai bisogno<\/p><\/div> <div  class=\"col-xs-6\" data-type=\"column\"><h5  class=\"\">dinamico<\/h5> <p  class=\"\">dopo il primo anno puoi riscattare il tuo capitale in un\u2019unica soluzione o solo in parte<\/p><\/div> <div  class=\"col-xs-6\" data-type=\"column\"><h5  class=\"\">performante<\/h5> <p  class=\"\">In caso di decesso dell\u2019assicurato la somma corrisposta ai beneficiari \u00e8 maggiorata, limitatamente alla componente legata al fondo interno, di una percentuale riconosciuta in funzione dell\u2019et\u00e0 dell\u2019assicurato al momento del decesso<\/p><\/div>  <\/div><\/div> <\/div><\/div> <\/div><div  id=\"content-14\" style=\"background-color: #ffffff;\" data-label=\"Content\" data-id=\"content-3\" data-export-id=\"content-3\" data-category=\"content\" class=\"content-3 content-section content-section-spacing\"><div > <div  class=\"row middle-xs\"><div  class=\"col-sm-7 full-col-left-padding full-col-right-padding\"> <div  class=\"row\"><div  data-type=\"column\" class=\"space-bottom-small content-title-col\"> <h5  class=\"\">COMMERCIANTI?<\/h5> <h2  class=\"\">Assicura il tuo esercizio in piena serenit\u00e0<\/h2> <p  class=\"\">Tutelare la tua impresa (fino a 50 addetti), i propri dipendenti, i beni dell\u2019azienza attraverso una protezione multirischio che riduca al minimo l\u2019impatto dei rischi nei quali pu\u00f2 incorrere la propria attivit\u00e0 di commercio.<\/p><\/div> <\/div> <div  class=\"row spaced-cols\" data-type=\"row\"> <div  class=\"col-xs-6\" data-type=\"column\"> <h5  class=\"\">R.C. verso terzi e dipendenti<\/h5> <p  class=\"\">Un tuo cliente scivola e si fa male, o un tuo dipendente crea involontariamente un danno materiale o fisico ad un tuo cliente<\/p><\/div> <div  class=\"col-xs-6\" data-type=\"column\"><h5  class=\"\">Furto e Rapina<\/h5> <p  class=\"\">In negozio hai merce appetibile o liquidit\u00e0 di cassa<\/p><\/div> <div  class=\"col-xs-6\" data-type=\"column\"><h5  class=\"\">Cristalli<\/h5> <p  class=\"\">Una mattina ti ritrovi con una o pi\u00f9 vetrate completamente rotte<\/p><\/div>  <\/div><\/div> <div  class=\"col-sm-5 bg-image shadow-large-black revert-classes-holder\" data-bg=\"image\" style=\"background-image: url(&quot;http:\/\/www.cisaservizi.it\/wp-content\/uploads\/2022\/01\/Work-life-balance.png&quot;);\"><\/div><\/div> <\/div><\/div><div  id=\"portfolio-3\" style=\"background-color: #f5fafd;\" data-label=\"Portfolio\" data-id=\"portfolio-4\" data-export-id=\"portfolio-4\" data-category=\"portfolio\" class=\"portfolio-4 content-section content-section-spacing-top\"><div  class=\"\"> <div  class=\"row text-center\"><div  class=\"section-title-col\" data-type=\"column\"> <h2  class=\"\">Assicura la realizzazione dei tuoi progetti<\/h2> <p  class=\"lead\">Assicura i tuoi finanziamenti da ogni imprevisto, offre un sostegno economico nell\u2019estinzione del debito o, in funzione dell\u2019attivit\u00e0 professionale svolta, nel pagamento della rata (per il periodo indicato nel fascicolo informativo) al verificarsi di eventi avversi quali decesso,invalidit\u00e0, inabilit\u00e0 temporanea, perdita involontaria di impiego o ricovero ospedaliero<\/p><img  decoding=\"async\" class=\"custom-image\" src=\"http:\/\/www.cisaservizi.it\/wp-content\/uploads\/2022\/01\/project-manager.jpg\" title=\"project-manager\" alt=\"\"><\/div> <\/div> <div  data-type=\"row\" class=\"row\" data-fixed=\"true\"> <div  class=\"col-xs-12 col-sm-3 no-gutter-col col-md-12\"> <div  class=\"contentswap-effect\" data-hover-fx=\"portfolio-4\"> <div  class=\"initial-image\"> <img  decoding=\"async\" data-size=\"542x360\" src=\"\"><\/div> <div  class=\"overlay bg-color1\"><\/div> <div  class=\"swap-inner col-xs-12\"> <div  class=\"row full-height-row middle-xs middle-sm\"> <div  class=\"col-xs-12 text-center content-holder\"> <a href=\"#\" target=\"_self\" rel=\"noopener\"><i  class=\"fa icon portfolio-icon fa-search big\" aria-hidden=\"true\"><\/i><\/a><\/div> <\/div><\/div> <\/div><\/div>        <\/div><\/div> <\/div><div  id=\"testimonials-5\" style=\"background-color: #ffffff;\" data-label=\"Testimonials\" data-id=\"testimonials-5\" data-export-id=\"testimonials-5\" data-category=\"testimonials\" class=\"testimonials-5 content-section content-section-spacing\"><div  class=\"gridContainer\"> <div  class=\"row\"><div  data-type=\"column\" class=\"section-title-col\"> <h2  class=\"\">Assicurati un investimento di tuo gusto<\/h2> <p  class=\"lead\">Polizza vita che ti permette di accedere ad una gestione finanziaria professionale<\/p><\/div> <\/div> <div  class=\"row spaced-cols content-center-sm\" data-type=\"row\">  <div  class=\"col-sm-4\"> <div  class=\"card y-move bordered\" data-type=\"column\">     <\/div> <\/div> <\/div> <\/div><\/div><div  id=\"counters-2\" style=\"background-color: #f5fafd;\" data-label=\"Counters\" data-id=\"counters-2\" data-export-id=\"counters-2\" data-category=\"counters\" class=\"counters-2 content-section content-section-spacing\"><div  class=\"gridContainer\"> <div  class=\"row text-center\"><div  class=\"section-title-col\" data-type=\"column\">  <\/div> <\/div> <div  class=\"row\" data-type=\"row\">  <div  class=\"col-xs-12 col-sm-4 text-center space-bottom\">  <\/div>  <\/div><\/div> <\/div><div  id=\"cta-1\" data-label=\"Cta\" data-id=\"cta-blue-section\" data-export-id=\"cta-blue-section\" data-category=\"cta\" class=\"cta-blue-section content-section content-section-spacing-medium bg-color1 white-text\"><div  class=\"gridContainer\"> <div  class=\"row middle-xs\"><div  class=\"col-sm-8 space-bottom-xs\" data-type=\"column\"> <h2  class=\"\">Contattaci!<\/h2> <\/div> <div  class=\"col-sm-4 end-sm\" data-type=\"column\"> <\/div> <\/div><\/div> <\/div><div  id=\"team-2\" style=\"background-color: #ffffff;\" data-label=\"Team\" data-id=\"team-2\" data-export-id=\"team-2\" data-category=\"team\" class=\"team-2 content-section content-section-spacing\"><div  class=\"gridContainer\"> <div  class=\"row text-center\"><div  class=\"section-title-col\" data-type=\"column\"> <h2  class=\"\">Il nostro team<\/h2> <p  class=\"lead\">Siamo una squadra giovane e dinamica che si mette alla prova in un mercato sempre pi\u00f9 difficile.&nbsp; Vieni a trovarci in via Circumvallazione, 431 \u2013 Patern\u00f2 (CT) \u2013 ti aspettiamo!<\/p><\/div> <\/div> <div  class=\"row spaced-cols content-center-sm center-sm\" data-type=\"row\"> <div  class=\"col-sm-6 col-md-3\"> <div  class=\"card y-move no-padding bordered\"> <img  decoding=\"async\" class=\"face\" src=\"http:\/\/www.cisaservizi.it\/wp-content\/uploads\/2022\/01\/cropped-WhatsApp-Image-2022-01-04-at-20.44.12-2.jpeg\" title=\"cropped-WhatsApp-Image-2022-01-04-at-20.44.12-2.jpeg\" alt=\"\"> <div  data-type=\"column\" class=\"col-padding-small col-padding-small-xs description-container\"> <h4  class=\"font-500\">Team Member<\/h4> <p  class=\"small\" style=\"font-style: italic;\">Job Title<\/p> <div  class=\"social-icons-group\" data-type=\"group\"> <a  href=\"#\"><i  class=\"gray fa icon fa-facebook-square small\"><\/i><\/a> <a  href=\"#\"><i  class=\"gray fa icon fa-twitter-square small\"><\/i><\/a> <a  href=\"#\"><i  class=\"gray fa icon fa-linkedin-square small\"><\/i><\/a> <a  href=\"#\"><i  class=\"gray fa icon fa-google-plus-square small\"><\/i><\/a><\/div> <\/div><\/div> <\/div>  <div  class=\"col-sm-6 col-md-3\"> <div  class=\"card y-move no-padding bordered\"> <img  decoding=\"async\" class=\"face\" src=\"http:\/\/www.cisaservizi.it\/wp-content\/uploads\/2022\/01\/WhatsApp-Image-2022-01-04-at-20.44.11.jpeg\" title=\"WhatsApp Image 2022-01-04 at 20.44.11\" alt=\"\"> <div  data-type=\"column\" class=\"col-padding-small col-padding-small-xs description-container\"> <h4  class=\"font-500\">Team Member<\/h4> <p  class=\"small\" style=\"font-style: italic;\">Job Title<\/p> <div  class=\"social-icons-group\" data-type=\"group\"> <a  href=\"#\"><i  class=\"gray fa icon fa-facebook-square small\"><\/i><\/a> <a  href=\"#\"><i  class=\"gray fa icon fa-twitter-square small\"><\/i><\/a> <a  href=\"#\"><i  class=\"gray fa icon fa-linkedin-square small\"><\/i><\/a> <a  href=\"#\"><i  class=\"gray fa icon fa-google-plus-square small\"><\/i><\/a><\/div> <\/div><\/div> <\/div>     <\/div> <\/div><\/div><div  id=\"contact-1\" data-label=\"Contact\" data-id=\"contact-1\" data-export-id=\"contact-1\" data-category=\"contact\" class=\"contact-1 content-section content-section-spacing white-text\" data-parallax-depth=\"20\"><div  class=\"gridContainer\"> <div  class=\"row text-center\"><div  class=\"section-title-col\" data-type=\"column\"> <h2  class=\"\">Contattaci<\/h2> <p  class=\"lead\">Scrivi tramite questo form, ti ricontatteremo nel pi\u00f9 breve tempo possibile<\/p><\/div> <\/div> <div  class=\"row text-center\"> <div  class=\"col-xs-12 col-sm-8 col-sm-offset-2 contact-form-wrapper inline-info\"> <div  class=\"card large-padding\"> <div  class=\"\" data-content-shortcode=\"mesmerize_contact_form shortcode=&quot;wpforms id=&amp;amp;quot;80&amp;amp;quot; title=&amp;amp;quot;false&amp;amp;quot;&quot;\" data-editable=\"true\"><div class=\"wpforms-container wpforms-container-full\" id=\"wpforms-80\"><form id=\"wpforms-form-80\" class=\"wpforms-validate wpforms-form wpforms-ajax-form\" data-formid=\"80\" method=\"post\" enctype=\"multipart\/form-data\" action=\"\/index.php?rest_route=%2Fwp%2Fv2%2Fpages%2F22\" data-token=\"e34f01720a502a3a0b0d54ec10aa0f5d\" data-token-time=\"1776423025\"><noscript class=\"wpforms-error-noscript\">Abilita JavaScript nel browser per completare questo modulo.<\/noscript><div class=\"wpforms-field-container\"><div id=\"wpforms-80-field_0-container\" class=\"wpforms-field wpforms-field-name\" data-field-id=\"0\"><label class=\"wpforms-field-label\" for=\"wpforms-80-field_0\">Nominativo <span class=\"wpforms-required-label\">*<\/span><\/label><div class=\"wpforms-field-row wpforms-field-medium\"><div class=\"wpforms-field-row-block wpforms-first wpforms-one-half\"><input type=\"text\" id=\"wpforms-80-field_0\" class=\"wpforms-field-name-first wpforms-field-required\" name=\"wpforms[fields][0][first]\" required><label for=\"wpforms-80-field_0\" class=\"wpforms-field-sublabel after\">Nome<\/label><\/div><div class=\"wpforms-field-row-block wpforms-one-half\"><input type=\"text\" id=\"wpforms-80-field_0-last\" class=\"wpforms-field-name-last wpforms-field-required\" name=\"wpforms[fields][0][last]\" required><label for=\"wpforms-80-field_0-last\" class=\"wpforms-field-sublabel after\">Cognome<\/label><\/div><\/div><\/div><div id=\"wpforms-80-field_1-container\" class=\"wpforms-field wpforms-field-email\" data-field-id=\"1\"><label class=\"wpforms-field-label\" for=\"wpforms-80-field_1\">Email <span class=\"wpforms-required-label\">*<\/span><\/label><input type=\"email\" id=\"wpforms-80-field_1\" class=\"wpforms-field-medium wpforms-field-required\" name=\"wpforms[fields][1]\" spellcheck=\"false\" required><\/div><div id=\"wpforms-80-field_2-container\" class=\"wpforms-field wpforms-field-textarea\" data-field-id=\"2\"><label class=\"wpforms-field-label\" for=\"wpforms-80-field_2\">A cosa sei interessato? <span class=\"wpforms-required-label\">*<\/span><\/label><textarea id=\"wpforms-80-field_2\" class=\"wpforms-field-medium wpforms-field-required\" name=\"wpforms[fields][2]\" required><\/textarea><\/div><\/div><!-- .wpforms-field-container --><div class=\"wpforms-recaptcha-container wpforms-is-recaptcha wpforms-is-recaptcha-type-v3\" ><input type=\"hidden\" name=\"wpforms[recaptcha]\" value=\"\"><\/div><div class=\"wpforms-submit-container\" ><input type=\"hidden\" name=\"wpforms[id]\" value=\"80\"><input type=\"hidden\" name=\"page_title\" value=\"\"><input type=\"hidden\" name=\"page_url\" value=\"https:\/\/www.cisaservizi.it\/index.php?rest_route=%2Fwp%2Fv2%2Fpages%2F22\"><button type=\"submit\" name=\"wpforms[submit]\" id=\"wpforms-submit-80\" class=\"wpforms-submit\" data-alt-text=\"Sending...\" data-submit-text=\"Submit\" aria-live=\"assertive\" value=\"wpforms-submit\">Submit<\/button><img loading=\"lazy\" decoding=\"async\" src=\"https:\/\/www.cisaservizi.it\/wp-content\/plugins\/wpforms-lite\/assets\/images\/submit-spin.svg\" class=\"wpforms-submit-spinner\" style=\"display: none;\" width=\"26\" height=\"26\" alt=\"Caricamento\"><\/div><\/form><\/div>  <!-- .wpforms-container --><\/div><\/div> <\/div><\/div> <\/div><\/div><div  data-label=\"Latest-news\" data-id=\"latest_news--1\" data-export-id=\"blog-section\" data-category=\"latest_news\" class=\"blog-section blog-section-standard content-section content-section-spacing\" id=\"latest_news-1\" style=\"background-color: rgb(245, 250, 253);\"><div  class=\"gridContainer\"> <div  class=\"row\"><div  data-type=\"column\" class=\"section-title-col\"> <h2  class=\"\">News<\/h2> <p  class=\"lead\">Le novit\u00e0 sull\u2019agenzia, sul settore, sulla citt\u00e0<\/p><\/div> <\/div> <div  class=\"row\"> <div  data-type=\"row\" data-dynamic-columns=\"handled\" data-content-shortcode=\"mesmerize_latest_news\">\t\t<div class=\"row center-sm content-left-sm\">\n\t\t\t\t\t<div id=\"post-212\" class=\"col-sm-6 col-md-4 space-bottom space-bottom-xs\">\n\t\t\t\t<div class=\"post-content card y-move bordered\">\n\t\t\t\t\t<div class=\"post-thumbnail\">\n   <a href=\"https:\/\/www.cisaservizi.it\/?p=212\" class=\"post-list-item-thumb \">\n      \n            <svg class=\"mesmerize-post-list-item-thumb-placeholder\" width=\"890\" height=\"580\" viewBox=\"0 0 890 580\"\n         preserveAspectRatio=\"none\">\n         <rect width=\"890\" height=\"580\" style=\"fill:#03a9f4;\"><\/rect>\n      <\/svg>\n               <\/a>\n<\/div>\n\t\t\t\t\t<div class=\"col-padding col-padding-xs\">\n\t\t\t\t\t\t<h3 class=\"post-title space-bottom-small\">\n\t\t\t\t\t\t\t<a href=\"https:\/\/www.cisaservizi.it\/?p=212\" rel=\"bookmark\">\n\t\t\t\t\t\t\t\tPatern\u00f2 Corso Italia\t\t\t\t\t\t\t<\/a>\n\t\t\t\t\t\t<\/h3>\n\t\t\t\t\t\t<p>\u00a0 Criticit\u00e0 di viabilit\u00e0 su &#8220;Corso Italia &#8220;. Patern\u00f2, purtroppo, ancora una volta, si \u00e8 registrata l&#8217;ennesima vittima sulla strada.L&#8217;eccessiva distrazione alla guida, i troppi occhi puntati sui cellulari, i[&hellip;]<\/p>\n\t\t\t\t\t\t<a class=\"read-more link\" href=\"https:\/\/www.cisaservizi.it\/?p=212\">\n\t\t\t\t\t\t\tRead more\t\t\t\t\t\t<\/a>\n\t\t\t\t\t<\/div>\n\t\t\t\t<\/div>\n\t\t\t<\/div>\n\t\t\t\t<\/div>\n\t<\/div><\/div> <div  class=\"row\"><div  class=\"text-center\"> <a  class=\"button color1\" data-attr-shortcode=\"href:mesmerize_blog_link\" href=\"https:\/\/www.cisaservizi.it\/?page_id=23\">VEDI TUTTE LE NOTIZIE<\/a><\/div> <\/div><\/div><\/div>","protected":false},"excerpt":{"rendered":"<p>R.C. AUTO La polizza RCA (abbreviazione di Responsabilit\u00e0 Civile Autoveicoli) \u00e8 il contratto concluso tra l\u2019assicurato e la compagnia assicurativa che liquida i danni materiali o fisici causati dal veicolo assicurato a terzi in caso di sinistro. L\u2019accordo prevede il pagamento di un premio da parte dell\u2019assicurato, calcolato su base annuale. AUTOCARRI Soluzioni assicurative su&hellip; <br \/> <a class=\"read-more\" href=\"https:\/\/www.cisaservizi.it\/?p=212\">Leggi tutto<\/a><\/p>\n","protected":false},"author":1,"featured_media":0,"parent":0,"menu_order":0,"comment_status":"closed","ping_status":"closed","template":"page-templates\/homepage.php","meta":{"footnotes":""},"class_list":["post-22","page","type-page","status-publish","hentry"],"_links":{"self":[{"href":"https:\/\/www.cisaservizi.it\/index.php?rest_route=\/wp\/v2\/pages\/22","targetHints":{"allow":["GET"]}}],"collection":[{"href":"https:\/\/www.cisaservizi.it\/index.php?rest_route=\/wp\/v2\/pages"}],"about":[{"href":"https:\/\/www.cisaservizi.it\/index.php?rest_route=\/wp\/v2\/types\/page"}],"author":[{"embeddable":true,"href":"https:\/\/www.cisaservizi.it\/index.php?rest_route=\/wp\/v2\/users\/1"}],"replies":[{"embeddable":true,"href":"https:\/\/www.cisaservizi.it\/index.php?rest_route=%2Fwp%2Fv2%2Fcomments&post=22"}],"version-history":[{"count":18,"href":"https:\/\/www.cisaservizi.it\/index.php?rest_route=\/wp\/v2\/pages\/22\/revisions"}],"predecessor-version":[{"id":177,"href":"https:\/\/www.cisaservizi.it\/index.php?rest_route=\/wp\/v2\/pages\/22\/revisions\/177"}],"wp:attachment":[{"href":"https:\/\/www.cisaservizi.it\/index.php?rest_route=%2Fwp%2Fv2%2Fmedia&parent=22"}],"curies":[{"name":"wp","href":"https:\/\/api.w.org\/{rel}","templated":true}]}}